{"id":274,"date":"2024-01-21T23:15:17","date_gmt":"2024-01-21T18:15:17","guid":{"rendered":"https:\/\/boviumstudio.com\/?page_id=274"},"modified":"2025-02-21T22:59:27","modified_gmt":"2025-02-21T17:59:27","slug":"littera-2","status":"publish","type":"page","link":"https:\/\/boviumstudio.com\/index.php\/fr\/littera-2\/","title":{"rendered":"Littera"},"content":{"rendered":"\n<div class=\"wp-block-cover alignfull\" style=\"padding-top:2%;min-height:135px;aspect-ratio:unset;\"><span aria-hidden=\"true\" class=\"wp-block-cover__background has-background-dim\"><\/span><img loading=\"lazy\" decoding=\"async\" width=\"1024\" height=\"1024\" class=\"wp-block-cover__image-background wp-image-151\" alt=\"\" src=\"http:\/\/boviumstudio.com\/wp-content\/uploads\/2024\/01\/Application_Icon_1024_notext.png\" style=\"object-position:71% 44%\" data-object-fit=\"cover\" data-object-position=\"71% 44%\" srcset=\"https:\/\/boviumstudio.com\/wp-content\/uploads\/2024\/01\/Application_Icon_1024_notext.png 1024w, https:\/\/boviumstudio.com\/wp-content\/uploads\/2024\/01\/Application_Icon_1024_notext-300x300.png 300w, https:\/\/boviumstudio.com\/wp-content\/uploads\/2024\/01\/Application_Icon_1024_notext-150x150.png 150w, https:\/\/boviumstudio.com\/wp-content\/uploads\/2024\/01\/Application_Icon_1024_notext-768x768.png 768w\" sizes=\"auto, (max-width: 1024px) 100vw, 1024px\" \/><div class=\"wp-block-cover__inner-container has-global-padding is-layout-constrained wp-container-core-cover-is-layout-ee51f2d2 wp-block-cover-is-layout-constrained\">\n<div class=\"wp-block-group alignwide is-vertical is-content-justification-left is-layout-flex wp-container-core-group-is-layout-994fc1a2 wp-block-group-is-layout-flex\" style=\"min-height:8rem\"><\/div>\n<\/div><\/div>\n\n\n\n<section class=\"wp-block-group alignfull has-text-color has-global-padding is-layout-constrained wp-container-core-group-is-layout-4252d6ba wp-block-group-is-layout-constrained\" style=\"color:#03081e;margin-top:0px;padding-top:6.51rem;padding-right:1rem;padding-bottom:5.5rem;padding-left:1rem;font-size:clamp(0.875rem, 0.875rem + ((1vw - 0.2rem) * 0.464), 1.13rem);font-style:normal;font-weight:400;line-height:1.4\">\n<div class=\"wp-block-group has-global-padding is-content-justification-center is-layout-constrained wp-container-core-group-is-layout-559b4004 wp-block-group-is-layout-constrained\">\n<h3 class=\"wp-block-heading has-text-align-left has-text-color\" style=\"color:#07277c;margin-top:0.5rem;margin-bottom:1.01rem;font-size:clamp(1.502rem, 1.502rem + ((1vw - 0.2rem) * 1.815), 2.5rem);font-style:normal;font-weight:500;letter-spacing:0px;line-height:1.3;text-transform:capitalize\">Littera &#8211; Osez le d\u00e9fi des mots!<\/h3>\n\n\n\n<p class=\"has-text-align-left has-text-color\" style=\"color:#03081e;margin-top:0rem;font-size:clamp(0.875rem, 0.875rem + ((1vw - 0.2rem) * 0.245), 1.01rem);font-style:normal;font-weight:400;line-height:1.6\">Littera, c&#8217;est l&#8217;ultime d\u00e9fi pour tous les amoureux des mots. Il offre une exp\u00e9rience de jeu de mots exceptionnelle autant pour les amateurs d\u00e9butants que pour les ma\u00eetres de la langue. Explorez les possibilit\u00e9s infinies des combinaisons de lettres et partez \u00e0 la conqu\u00eate de la couronne du roi des mots !<\/p>\n\n\n\n<p class=\"has-text-align-left has-text-color\" style=\"color:#03081e;margin-top:1rem;font-size:clamp(0.875rem, 0.875rem + ((1vw - 0.2rem) * 0.245), 1.01rem);font-style:normal;font-weight:400;line-height:1.6\">Personnalisez votre exp\u00e9rience en choisissant de jouer en mode d\u00e9tendu ou d\u2019ajouter une dose d&#8217;excitation avec le mode chronom\u00e9tr\u00e9. \u00c0 chaque partie, vous aurez la possibilit\u00e9 de s\u00e9lectionner vos propres lettres, de vous essayer \u00e0 des mini-jeux pour d\u00e9bloquer davantage de lettres, ou encore de laisser le hasard d\u00e9cider \u00e0 votre place. Allez-vous r\u00e9ussir \u00e0 trouver la combinaison magique de lettres qui vous permettra de d\u00e9crocher le record de mots trouv\u00e9s ou d&#8217;obtenir un pointage prodigieux ?<\/p>\n<\/div>\n\n\n\n<h2 class=\"wp-block-heading has-text-align-center has-text-color\" style=\"color:#07277c;margin-top:2rem;margin-bottom:0rem;margin-left:0rem;padding-top:15px;padding-bottom:25px;padding-left:45px;font-size:clamp(1.502rem, 1.502rem + ((1vw - 0.2rem) * 1.815), 2.5rem);font-style:normal;font-weight:500;letter-spacing:0px;line-height:1.3;text-transform:capitalize\">5 jeux disponibles<\/h2>\n\n\n\n<div class=\"wp-block-columns is-layout-flex wp-container-core-columns-is-layout-db2df21c wp-block-columns-is-layout-flex\" style=\"margin-bottom:0px\">\n<div class=\"wp-block-column is-layout-flow wp-block-column-is-layout-flow\">\n<div class=\"wp-block-group is-vertical is-content-justification-left is-layout-flex wp-container-core-group-is-layout-16b767e8 wp-block-group-is-layout-flex\" style=\"min-height:100%\">\n<div class=\"wp-block-group has-global-padding is-content-justification-center is-layout-constrained wp-container-core-group-is-layout-b15c80d6 wp-block-group-is-layout-constrained\">\n<h3 class=\"wp-block-heading has-text-align-right has-text-color\" style=\"color:#07277c;margin-top:0rem;margin-bottom:1.01rem;font-size:clamp(1.044rem, 1.044rem + ((1vw - 0.2rem) * 1.029), 1.61rem);font-style:normal;font-weight:500;letter-spacing:0px;line-height:1.3;text-transform:capitalize\">Mots verrouill\u00e9s<\/h3>\n\n\n\n<p class=\"has-text-align-right has-text-color\" style=\"color:#03081e;margin-top:0rem;padding-left:65px;font-size:clamp(0.875rem, 0.875rem + ((1vw - 0.2rem) * 0.245), 1.01rem);font-style:normal;font-weight:400;line-height:1.6\">Utilisez la banque de lettres disponibles pour d\u00e9couvrir autant de mots que possible. Toutefois, soyez vigilant, car les lettres des deux derniers mots identifi\u00e9s sont verrouill\u00e9es et ne peuvent pas \u00eatre utilis\u00e9es.<\/p>\n<\/div>\n<\/div>\n<\/div>\n\n\n\n<div class=\"wp-block-column has-global-padding is-content-justification-left is-layout-constrained wp-container-core-column-is-layout-12dd3699 wp-block-column-is-layout-constrained\" style=\"flex-basis:50%\">\n<figure class=\"wp-block-image aligncenter size-full is-resized has-custom-border\"><img loading=\"lazy\" decoding=\"async\" width=\"1232\" height=\"702\" src=\"https:\/\/boviumstudio.com\/wp-content\/uploads\/2024\/01\/JeuVerrouille_01.png\" alt=\"\" class=\"wp-image-161\" style=\"border-radius:10px;width:319px\" srcset=\"https:\/\/boviumstudio.com\/wp-content\/uploads\/2024\/01\/JeuVerrouille_01.png 1232w, https:\/\/boviumstudio.com\/wp-content\/uploads\/2024\/01\/JeuVerrouille_01-300x171.png 300w, https:\/\/boviumstudio.com\/wp-content\/uploads\/2024\/01\/JeuVerrouille_01-1024x583.png 1024w, https:\/\/boviumstudio.com\/wp-content\/uploads\/2024\/01\/JeuVerrouille_01-768x438.png 768w\" sizes=\"auto, (max-width: 1232px) 100vw, 1232px\" \/><\/figure>\n<\/div>\n<\/div>\n\n\n\n<div style=\"height:55px\" aria-hidden=\"true\" class=\"wp-block-spacer\"><\/div>\n\n\n\n<div class=\"wp-block-columns is-layout-flex wp-container-core-columns-is-layout-db2df21c wp-block-columns-is-layout-flex\" style=\"margin-bottom:0px\">\n<div class=\"wp-block-column has-global-padding is-content-justification-right is-layout-constrained wp-container-core-column-is-layout-f1f2ed93 wp-block-column-is-layout-constrained\" style=\"flex-basis:50%\">\n<figure class=\"wp-block-image aligncenter size-full is-resized has-custom-border\"><img loading=\"lazy\" decoding=\"async\" width=\"1232\" height=\"698\" src=\"https:\/\/boviumstudio.com\/wp-content\/uploads\/2024\/01\/Defimot.png\" alt=\"\" class=\"wp-image-162\" style=\"border-radius:10px;width:319px;height:auto\" srcset=\"https:\/\/boviumstudio.com\/wp-content\/uploads\/2024\/01\/Defimot.png 1232w, https:\/\/boviumstudio.com\/wp-content\/uploads\/2024\/01\/Defimot-300x170.png 300w, https:\/\/boviumstudio.com\/wp-content\/uploads\/2024\/01\/Defimot-1024x580.png 1024w, https:\/\/boviumstudio.com\/wp-content\/uploads\/2024\/01\/Defimot-768x435.png 768w\" sizes=\"auto, (max-width: 1232px) 100vw, 1232px\" \/><\/figure>\n<\/div>\n\n\n\n<div class=\"wp-block-column is-layout-flow wp-block-column-is-layout-flow\">\n<div class=\"wp-block-group is-vertical is-content-justification-left is-layout-flex wp-container-core-group-is-layout-16b767e8 wp-block-group-is-layout-flex\" style=\"min-height:100%\">\n<div class=\"wp-block-group has-global-padding is-content-justification-center is-layout-constrained wp-container-core-group-is-layout-b15c80d6 wp-block-group-is-layout-constrained\">\n<h3 class=\"wp-block-heading has-text-align-left has-text-color\" style=\"color:#07277c;margin-top:0rem;margin-bottom:1.01rem;font-size:clamp(1.044rem, 1.044rem + ((1vw - 0.2rem) * 1.029), 1.61rem);font-style:normal;font-weight:500;letter-spacing:0px;line-height:1.3;text-transform:capitalize\">D\u00e9fi de mots<\/h3>\n\n\n\n<p class=\"has-text-align-left has-text-color\" style=\"color:#03081e;margin-top:0rem;font-size:clamp(0.875rem, 0.875rem + ((1vw - 0.2rem) * 0.245), 1.01rem);font-style:normal;font-weight:400;line-height:1.6\">Relev\u00e9 le d\u00e9fi en formant des mots \u00e0 partir d&#8217;un ensemble de lettres attribu\u00e9es. Le nombre de lettres pr\u00e9sent\u00e9es \u00e0 chaque tour d\u00e9pend de la longueur du dernier mot trouv\u00e9.<\/p>\n<\/div>\n<\/div>\n<\/div>\n<\/div>\n\n\n\n<div style=\"height:25px\" aria-hidden=\"true\" class=\"wp-block-spacer\"><\/div>\n\n\n\n<div class=\"wp-block-columns is-layout-flex wp-container-core-columns-is-layout-db2df21c wp-block-columns-is-layout-flex\" style=\"margin-bottom:0px\">\n<div class=\"wp-block-column is-layout-flow wp-block-column-is-layout-flow\">\n<div class=\"wp-block-group is-vertical is-content-justification-left is-layout-flex wp-container-core-group-is-layout-16b767e8 wp-block-group-is-layout-flex\" style=\"min-height:100%\">\n<div class=\"wp-block-group has-global-padding is-content-justification-center is-layout-constrained wp-container-core-group-is-layout-b15c80d6 wp-block-group-is-layout-constrained\">\n<h3 class=\"wp-block-heading has-text-align-right has-text-color\" style=\"color:#07277c;margin-top:0rem;margin-bottom:1.01rem;font-size:clamp(1.044rem, 1.044rem + ((1vw - 0.2rem) * 1.029), 1.61rem);font-style:normal;font-weight:500;letter-spacing:0px;line-height:1.3;text-transform:capitalize\">Mots libres<\/h3>\n\n\n\n<p class=\"has-text-align-right has-text-color\" style=\"color:#03081e;margin-top:0rem;padding-left:65px;font-size:clamp(0.875rem, 0.875rem + ((1vw - 0.2rem) * 0.245), 1.01rem);font-style:normal;font-weight:400;line-height:1.6\">Utilisez la banque de lettres mise \u00e0 votre disposition afin de d\u00e9nicher, sans contrainte, un maximum de mots.<\/p>\n<\/div>\n<\/div>\n<\/div>\n\n\n\n<div class=\"wp-block-column has-global-padding is-content-justification-left is-layout-constrained wp-container-core-column-is-layout-12dd3699 wp-block-column-is-layout-constrained\" style=\"flex-basis:50%\">\n<figure class=\"wp-block-image aligncenter size-full is-resized has-custom-border\"><img loading=\"lazy\" decoding=\"async\" width=\"1232\" height=\"696\" src=\"http:\/\/boviumstudio.com\/wp-content\/uploads\/2024\/01\/MotLibre.png\" alt=\"\" class=\"wp-image-163\" style=\"border-radius:10px;width:319px\" srcset=\"https:\/\/boviumstudio.com\/wp-content\/uploads\/2024\/01\/MotLibre.png 1232w, https:\/\/boviumstudio.com\/wp-content\/uploads\/2024\/01\/MotLibre-300x169.png 300w, https:\/\/boviumstudio.com\/wp-content\/uploads\/2024\/01\/MotLibre-1024x578.png 1024w, https:\/\/boviumstudio.com\/wp-content\/uploads\/2024\/01\/MotLibre-768x434.png 768w\" sizes=\"auto, (max-width: 1232px) 100vw, 1232px\" \/><\/figure>\n<\/div>\n<\/div>\n\n\n\n<div style=\"height:25px\" aria-hidden=\"true\" class=\"wp-block-spacer\"><\/div>\n\n\n\n<div class=\"wp-block-columns is-layout-flex wp-container-core-columns-is-layout-db2df21c wp-block-columns-is-layout-flex\" style=\"margin-bottom:0px\">\n<div class=\"wp-block-column has-global-padding is-content-justification-right is-layout-constrained wp-container-core-column-is-layout-f1f2ed93 wp-block-column-is-layout-constrained\" style=\"flex-basis:50%\">\n<figure class=\"wp-block-image aligncenter size-full is-resized has-custom-border\"><img loading=\"lazy\" decoding=\"async\" width=\"1230\" height=\"677\" src=\"http:\/\/boviumstudio.com\/wp-content\/uploads\/2024\/01\/Grille4.png\" alt=\"\" class=\"wp-image-183\" style=\"border-radius:10px;width:319px\" srcset=\"https:\/\/boviumstudio.com\/wp-content\/uploads\/2024\/01\/Grille4.png 1230w, https:\/\/boviumstudio.com\/wp-content\/uploads\/2024\/01\/Grille4-300x165.png 300w, https:\/\/boviumstudio.com\/wp-content\/uploads\/2024\/01\/Grille4-1024x564.png 1024w, https:\/\/boviumstudio.com\/wp-content\/uploads\/2024\/01\/Grille4-768x423.png 768w\" sizes=\"auto, (max-width: 1230px) 100vw, 1230px\" \/><\/figure>\n<\/div>\n\n\n\n<div class=\"wp-block-column is-layout-flow wp-block-column-is-layout-flow\">\n<div class=\"wp-block-group is-vertical is-content-justification-left is-layout-flex wp-container-core-group-is-layout-16b767e8 wp-block-group-is-layout-flex\" style=\"min-height:100%\">\n<div class=\"wp-block-group has-global-padding is-content-justification-center is-layout-constrained wp-container-core-group-is-layout-b15c80d6 wp-block-group-is-layout-constrained\">\n<h3 class=\"wp-block-heading has-text-align-left has-text-color\" style=\"color:#07277c;margin-top:0rem;margin-bottom:1.01rem;font-size:clamp(1.044rem, 1.044rem + ((1vw - 0.2rem) * 1.029), 1.61rem);font-style:normal;font-weight:500;letter-spacing:0px;line-height:1.3;text-transform:capitalize\">Grille 4X4<\/h3>\n\n\n\n<p style=\"font-size:clamp(0.875rem, 0.875rem + ((1vw - 0.2rem) * 0.227), 1rem);\">Vous devez trouver autant de mots que possible dans une grille de lettres de 4&#215;4, en reliant des lettres adjacentes horizontalement, verticalement ou en diagonale.<\/p>\n<\/div>\n<\/div>\n<\/div>\n<\/div>\n\n\n\n<div style=\"height:25px\" aria-hidden=\"true\" class=\"wp-block-spacer\"><\/div>\n\n\n\n<div class=\"wp-block-columns is-layout-flex wp-container-core-columns-is-layout-db2df21c wp-block-columns-is-layout-flex\" style=\"margin-bottom:0px\">\n<div class=\"wp-block-column is-layout-flow wp-block-column-is-layout-flow\">\n<div class=\"wp-block-group is-vertical is-content-justification-left is-layout-flex wp-container-core-group-is-layout-16b767e8 wp-block-group-is-layout-flex\" style=\"min-height:100%\">\n<div class=\"wp-block-group has-global-padding is-content-justification-center is-layout-constrained wp-container-core-group-is-layout-b15c80d6 wp-block-group-is-layout-constrained\">\n<h3 class=\"wp-block-heading has-text-align-right has-text-color\" style=\"color:#07277c;margin-bottom:1.01rem;font-size:clamp(1.044rem, 1.044rem + ((1vw - 0.2rem) * 1.029), 1.61rem);font-style:normal;font-weight:500;letter-spacing:0px;line-height:1.3;text-transform:capitalize\">Grille 5X5<\/h3>\n\n\n\n<p class=\"has-text-align-right\" style=\"font-size:clamp(0.875rem, 0.875rem + ((1vw - 0.2rem) * 0.245), 1.01rem);\">Vous devez trouver autant de mots que possible dans une grille de lettres de 5&#215;5, en reliant des lettres adjacentes horizontalement, verticalement ou en diagonale.<\/p>\n<\/div>\n<\/div>\n<\/div>\n\n\n\n<div class=\"wp-block-column has-global-padding is-content-justification-left is-layout-constrained wp-container-core-column-is-layout-12dd3699 wp-block-column-is-layout-constrained\" style=\"flex-basis:50%\">\n<figure class=\"wp-block-image aligncenter size-full is-resized has-custom-border\"><img loading=\"lazy\" decoding=\"async\" width=\"1227\" height=\"673\" src=\"https:\/\/boviumstudio.com\/wp-content\/uploads\/2024\/01\/Grille5.png\" alt=\"\" class=\"wp-image-173\" style=\"border-radius:10px;width:319px\" srcset=\"https:\/\/boviumstudio.com\/wp-content\/uploads\/2024\/01\/Grille5.png 1227w, https:\/\/boviumstudio.com\/wp-content\/uploads\/2024\/01\/Grille5-300x165.png 300w, https:\/\/boviumstudio.com\/wp-content\/uploads\/2024\/01\/Grille5-1024x562.png 1024w, https:\/\/boviumstudio.com\/wp-content\/uploads\/2024\/01\/Grille5-768x421.png 768w\" sizes=\"auto, (max-width: 1227px) 100vw, 1227px\" \/><\/figure>\n<\/div>\n<\/div>\n\n\n\n<h2 class=\"wp-block-heading has-text-align-center has-text-color\" style=\"color:#07277c;margin-top:2rem;margin-bottom:0rem;margin-left:0rem;padding-top:15px;padding-bottom:0px;padding-left:45px;font-size:clamp(1.502rem, 1.502rem + ((1vw - 0.2rem) * 1.815), 2.5rem);font-style:normal;font-weight:500;letter-spacing:0px;line-height:1.3;text-transform:capitalize\">principales caract\u00e9ristiques<\/h2>\n\n\n\n<ul style=\"padding-right:120px;padding-left:120px\" class=\"wp-block-list\">\n<li style=\"line-height:1.8\">La possibilit\u00e9 de s\u00e9lectionner vos propres lettres ou de laisser le hasard d\u00e9cider pour vous.<\/li>\n\n\n\n<li style=\"line-height:2\">Des mini-jeux pour maximiser vos chances de collecter des lettres.<\/li>\n\n\n\n<li style=\"line-height:2\">Le choix entre un mode chronom\u00e9tr\u00e9 ou d\u00e9tendu, selon votre humeur.<\/li>\n\n\n\n<li style=\"line-height:2\">La flexibilit\u00e9 de jouer en anglais ou en fran\u00e7ais.<\/li>\n\n\n\n<li style=\"line-height:2\">Une liste des mots trouv\u00e9s pour suivre votre progression.<\/li>\n\n\n\n<li style=\"line-height:2\">Un syst\u00e8me de pointage bas\u00e9 sur la valeur des lettres utilis\u00e9es.<\/li>\n\n\n\n<li style=\"line-height:2\">Un classement de vos meilleures parties avec des statistiques d\u00e9taill\u00e9es.<\/li>\n\n\n\n<li style=\"line-height:2\">Aucune publicit\u00e9 ni achats int\u00e9gr\u00e9s.<\/li>\n\n\n\n<li style=\"line-height:2\">Aucune connexion Internet requise.<\/li>\n<\/ul>\n\n\n\n<figure class=\"wp-block-image aligncenter size-full is-resized\"><a href=\"https:\/\/apps.apple.com\/us\/app\/littera-suite\/id6738661857\"><img loading=\"lazy\" decoding=\"async\" width=\"500\" height=\"157\" src=\"http:\/\/boviumstudio.com\/wp-content\/uploads\/2025\/02\/Download_on_the_App_Store_Badge_FR_RGB_blk_500X157.png\" alt=\"\" class=\"wp-image-435\" style=\"width:202px;height:auto\" srcset=\"https:\/\/boviumstudio.com\/wp-content\/uploads\/2025\/02\/Download_on_the_App_Store_Badge_FR_RGB_blk_500X157.png 500w, https:\/\/boviumstudio.com\/wp-content\/uploads\/2025\/02\/Download_on_the_App_Store_Badge_FR_RGB_blk_500X157-300x94.png 300w\" sizes=\"auto, (max-width: 500px) 100vw, 500px\" \/><\/a><\/figure>\n<\/section>\n","protected":false},"excerpt":{"rendered":"<p>Littera &#8211; Osez le d\u00e9fi des mots! Littera, c&#8217;est l&#8217;ultime d\u00e9fi pour tous les amoureux des mots. Il offre une exp\u00e9rience de jeu de mots exceptionnelle autant pour les amateurs d\u00e9butants que pour les ma\u00eetres de la langue. Explorez les possibilit\u00e9s infinies des combinaisons de lettres et partez \u00e0 la conqu\u00eate de la couronne du [&hellip;]<\/p>\n","protected":false},"author":1,"featured_media":0,"parent":0,"menu_order":0,"comment_status":"closed","ping_status":"closed","template":"","meta":{"footnotes":""},"class_list":["post-274","page","type-page","status-publish","hentry"],"_links":{"self":[{"href":"https:\/\/boviumstudio.com\/index.php\/wp-json\/wp\/v2\/pages\/274","targetHints":{"allow":["GET"]}}],"collection":[{"href":"https:\/\/boviumstudio.com\/index.php\/wp-json\/wp\/v2\/pages"}],"about":[{"href":"https:\/\/boviumstudio.com\/index.php\/wp-json\/wp\/v2\/types\/page"}],"author":[{"embeddable":true,"href":"https:\/\/boviumstudio.com\/index.php\/wp-json\/wp\/v2\/users\/1"}],"replies":[{"embeddable":true,"href":"https:\/\/boviumstudio.com\/index.php\/wp-json\/wp\/v2\/comments?post=274"}],"version-history":[{"count":10,"href":"https:\/\/boviumstudio.com\/index.php\/wp-json\/wp\/v2\/pages\/274\/revisions"}],"predecessor-version":[{"id":581,"href":"https:\/\/boviumstudio.com\/index.php\/wp-json\/wp\/v2\/pages\/274\/revisions\/581"}],"wp:attachment":[{"href":"https:\/\/boviumstudio.com\/index.php\/wp-json\/wp\/v2\/media?parent=274"}],"curies":[{"name":"wp","href":"https:\/\/api.w.org\/{rel}","templated":true}]}}