{"id":286,"date":"2024-01-21T23:37:01","date_gmt":"2024-01-21T18:37:01","guid":{"rendered":"https:\/\/boviumstudio.com\/?page_id=286"},"modified":"2024-01-22T01:20:55","modified_gmt":"2024-01-21T20:20:55","slug":"politique-de-confidentialite","status":"publish","type":"page","link":"https:\/\/boviumstudio.com\/index.php\/fr\/politique-de-confidentialite\/","title":{"rendered":"Politique de confidentialit\u00e9"},"content":{"rendered":"\n<div class=\"wp-block-cover alignfull\" style=\"padding-top:2%;min-height:135px;aspect-ratio:unset;\"><span aria-hidden=\"true\" class=\"wp-block-cover__background has-background-dim-0 has-background-dim\"><\/span><img loading=\"lazy\" decoding=\"async\" width=\"2077\" height=\"238\" class=\"wp-block-cover__image-background wp-image-95\" alt=\"\" src=\"http:\/\/boviumstudio.com\/wp-content\/uploads\/2024\/01\/Fond-e1705767431641.png\" data-object-fit=\"cover\" srcset=\"https:\/\/boviumstudio.com\/wp-content\/uploads\/2024\/01\/Fond-e1705767431641.png 2077w, https:\/\/boviumstudio.com\/wp-content\/uploads\/2024\/01\/Fond-e1705767431641-300x34.png 300w, https:\/\/boviumstudio.com\/wp-content\/uploads\/2024\/01\/Fond-e1705767431641-1024x117.png 1024w, https:\/\/boviumstudio.com\/wp-content\/uploads\/2024\/01\/Fond-e1705767431641-768x88.png 768w, https:\/\/boviumstudio.com\/wp-content\/uploads\/2024\/01\/Fond-e1705767431641-1536x176.png 1536w, https:\/\/boviumstudio.com\/wp-content\/uploads\/2024\/01\/Fond-e1705767431641-2048x235.png 2048w\" sizes=\"auto, (max-width: 2077px) 100vw, 2077px\" \/><div class=\"wp-block-cover__inner-container has-global-padding is-layout-constrained wp-container-core-cover-is-layout-ee51f2d2 wp-block-cover-is-layout-constrained\">\n<div class=\"wp-block-group alignwide is-vertical is-content-justification-center is-layout-flex wp-container-core-group-is-layout-5e763914 wp-block-group-is-layout-flex\" style=\"min-height:8rem\">\n<div class=\"wp-block-group has-global-padding is-layout-constrained wp-container-core-group-is-layout-bea02a06 wp-block-group-is-layout-constrained\"><\/div>\n<\/div>\n<\/div><\/div>\n\n\n\n<section class=\"wp-block-group alignfull has-text-color has-global-padding is-layout-constrained wp-container-core-group-is-layout-4252d6ba wp-block-group-is-layout-constrained\" style=\"color:#03081e;margin-top:0px;padding-top:6.51rem;padding-right:1rem;padding-bottom:5.5rem;padding-left:1rem;font-size:clamp(0.875rem, 0.875rem + ((1vw - 0.2rem) * 0.464), 1.13rem);font-style:normal;font-weight:400;line-height:1.4\">\n<div class=\"wp-block-columns is-layout-flex wp-container-core-columns-is-layout-db2df21c wp-block-columns-is-layout-flex\" style=\"margin-bottom:0px\">\n<div class=\"wp-block-column is-layout-flow wp-block-column-is-layout-flow\">\n<div class=\"wp-block-group is-vertical is-content-justification-left is-layout-flex wp-container-core-group-is-layout-c5d44cae wp-block-group-is-layout-flex\" style=\"min-height:100%\">\n<div class=\"wp-block-group has-global-padding is-content-justification-center is-layout-constrained wp-container-core-group-is-layout-b15c80d6 wp-block-group-is-layout-constrained\">\n<h3 class=\"wp-block-heading has-text-align-left has-text-color\" style=\"color:#07277c;margin-top:0.5rem;margin-bottom:1.01rem;font-size:clamp(1.556rem, 1.556rem + ((1vw - 0.2rem) * 1.916), 2.61rem);font-style:normal;font-weight:500;letter-spacing:0px;line-height:1.3;text-transform:capitalize\">Politique de confidentialit\u00e9 de Bovium studio<\/h3>\n\n\n\n<p class=\"has-text-align-left has-text-color\" style=\"color:#03081e;margin-top:2rem;font-size:clamp(0.875rem, 0.875rem + ((1vw - 0.2rem) * 0.609), 1.21rem);font-style:normal;font-weight:400;line-height:1.6\">Date d&#8217;entr\u00e9e en vigueur: 21 janvier 2024<\/p>\n\n\n\n<p class=\"has-text-align-left has-text-color\" style=\"color:#03081e;margin-top:2rem;font-size:clamp(0.875rem, 0.875rem + ((1vw - 0.2rem) * 0.609), 1.21rem);font-style:normal;font-weight:400;line-height:1.6\">Merci d&#8217;avoir choisi nos jeux ! Cette politique de confidentialit\u00e9 a pour but de vous aider \u00e0 comprendre comment nous g\u00e9rons vos informations lorsque vous utilisez notre application mobile.<\/p>\n\n\n\n<h4 class=\"wp-block-heading has-text-align-left has-text-color\" style=\"color:#07277c;margin-top:2rem;margin-bottom:0rem;font-size:clamp(1.092rem, 1.092rem + ((1vw - 0.2rem) * 1.105), 1.7rem);font-style:normal;font-weight:500;letter-spacing:0px;line-height:1.3;text-transform:capitalize\"><strong><strong>1. Informations que nous ne collectons pas<\/strong><\/strong><\/h4>\n\n\n\n<p class=\"has-text-align-left has-text-color\" style=\"color:#03081e;margin-top:0.45rem;font-size:clamp(0.875rem, 0.875rem + ((1vw - 0.2rem) * 0.609), 1.21rem);font-style:normal;font-weight:400;line-height:1.6\">Nous tenons \u00e0 pr\u00e9ciser que nos jeux ne collectent aucune information personnelle ou donn\u00e9e de ses utilisateurs. Nous croyons en le respect de votre vie priv\u00e9e, et notre engagement est de vous fournir une exp\u00e9rience s\u00e9curis\u00e9e et agr\u00e9able sans compromettre vos informations personnelles.<\/p>\n\n\n\n<h4 class=\"wp-block-heading has-text-align-left has-text-color\" style=\"color:#07277c;margin-top:2rem;margin-bottom:0px;font-size:clamp(1.092rem, 1.092rem + ((1vw - 0.2rem) * 1.105), 1.7rem);font-style:normal;font-weight:500;letter-spacing:0px;line-height:1.3;text-transform:capitalize\"><strong><strong><strong>2. Donn\u00e9es de localisation<\/strong><\/strong><\/strong><\/h4>\n\n\n\n<p class=\"has-text-align-left has-text-color\" style=\"color:#03081e;margin-top:0.45rem;font-size:clamp(0.875rem, 0.875rem + ((1vw - 0.2rem) * 0.609), 1.21rem);font-style:normal;font-weight:400;line-height:1.6\">Nos jeux n&#8217;acc\u00e8dent pas et ne collectent pas les informations de localisation de votre appareil.<\/p>\n\n\n\n<h4 class=\"wp-block-heading has-text-align-left has-text-color\" style=\"color:#07277c;margin-top:2rem;margin-bottom:0px;font-size:clamp(1.092rem, 1.092rem + ((1vw - 0.2rem) * 1.105), 1.7rem);font-style:normal;font-weight:500;letter-spacing:0px;line-height:1.3;text-transform:capitalize\"><strong><strong><strong><strong>3. Informations personnelles<\/strong><\/strong><\/strong><\/strong><\/h4>\n\n\n\n<p class=\"has-text-align-left has-text-color\" style=\"color:#03081e;margin-top:0.45rem;font-size:clamp(0.875rem, 0.875rem + ((1vw - 0.2rem) * 0.609), 1.21rem);font-style:normal;font-weight:400;line-height:1.6\">Nous ne collectons, ne stockons ni ne traitons aucune information personnelle, y compris, mais sans s&#8217;y limiter, les noms, adresses e-mail, num\u00e9ros de t\u00e9l\u00e9phone ou toute autre information identifiable.<\/p>\n\n\n\n<h4 class=\"wp-block-heading has-text-align-left has-text-color\" style=\"color:#07277c;margin-top:2rem;margin-bottom:0px;font-size:clamp(1.092rem, 1.092rem + ((1vw - 0.2rem) * 1.105), 1.7rem);font-style:normal;font-weight:500;letter-spacing:0px;line-height:1.3;text-transform:capitalize\"><strong><strong><strong>4. Analyses et publicit\u00e9s<\/strong><\/strong><\/strong><\/h4>\n\n\n\n<p class=\"has-text-align-left has-text-color\" style=\"color:#03081e;margin-top:0.45rem;font-size:clamp(0.875rem, 0.875rem + ((1vw - 0.2rem) * 0.609), 1.21rem);font-style:normal;font-weight:400;line-height:1.6\">Nous n&#8217;utilisons aucun service d&#8217;analyse tiers ni de r\u00e9seaux publicitaires susceptibles de collecter des informations sur votre utilisation de l&#8217;application.<\/p>\n\n\n\n<h4 class=\"wp-block-heading has-text-align-left has-text-color\" style=\"color:#07277c;margin-top:2rem;margin-bottom:0px;font-size:clamp(1.092rem, 1.092rem + ((1vw - 0.2rem) * 1.105), 1.7rem);font-style:normal;font-weight:500;letter-spacing:0px;line-height:1.3;text-transform:capitalize\"><strong><strong>5. Mises \u00e0 jour de cette politique de confidentialit\u00e9<\/strong><\/strong><\/h4>\n\n\n\n<p class=\"has-text-align-left has-text-color\" style=\"color:#03081e;margin-top:0.45rem;font-size:clamp(0.875rem, 0.875rem + ((1vw - 0.2rem) * 0.609), 1.21rem);font-style:normal;font-weight:400;line-height:1.6\">Nous nous r\u00e9servons le droit de mettre \u00e0 jour cette politique de confidentialit\u00e9 de temps \u00e0 autre. Toutes les modifications seront publi\u00e9es sur cette page, et la date d&#8217;effet sera mise \u00e0 jour en cons\u00e9quence. Veuillez consulter p\u00e9riodiquement cette politique de confidentialit\u00e9 pour prendre connaissance des \u00e9ventuelles modifications.<\/p>\n\n\n\n<h4 class=\"wp-block-heading has-text-align-left has-text-color\" style=\"color:#07277c;margin-top:2rem;margin-bottom:0px;font-size:clamp(1.092rem, 1.092rem + ((1vw - 0.2rem) * 1.105), 1.7rem);font-style:normal;font-weight:500;letter-spacing:0px;line-height:1.3;text-transform:capitalize\"><strong><strong>6. Contactez-nous<\/strong><\/strong><\/h4>\n\n\n\n<p>Si vous avez des questions sur cette politique de confidentialit\u00e9 ou nos pratiques veuillez nous contacter \u00e0 <a href=\"mailto:info@boviumstudio.com\">info@boviumstudio.com<\/a>.<\/p>\n\n\n\n<p>En utilisant nos jeux, vous acceptez les termes d\u00e9crits dans cette politique de confidentialit\u00e9.<\/p>\n<\/div>\n<\/div>\n<\/div>\n<\/div>\n<\/section>\n","protected":false},"excerpt":{"rendered":"<p>Politique de confidentialit\u00e9 de Bovium studio Date d&#8217;entr\u00e9e en vigueur: 21 janvier 2024 Merci d&#8217;avoir choisi nos jeux ! Cette politique de confidentialit\u00e9 a pour but de vous aider \u00e0 comprendre comment nous g\u00e9rons vos informations lorsque vous utilisez notre application mobile. 1. Informations que nous ne collectons pas Nous tenons \u00e0 pr\u00e9ciser que nos [&hellip;]<\/p>\n","protected":false},"author":1,"featured_media":0,"parent":0,"menu_order":0,"comment_status":"closed","ping_status":"closed","template":"","meta":{"footnotes":""},"class_list":["post-286","page","type-page","status-publish","hentry"],"_links":{"self":[{"href":"https:\/\/boviumstudio.com\/index.php\/wp-json\/wp\/v2\/pages\/286","targetHints":{"allow":["GET"]}}],"collection":[{"href":"https:\/\/boviumstudio.com\/index.php\/wp-json\/wp\/v2\/pages"}],"about":[{"href":"https:\/\/boviumstudio.com\/index.php\/wp-json\/wp\/v2\/types\/page"}],"author":[{"embeddable":true,"href":"https:\/\/boviumstudio.com\/index.php\/wp-json\/wp\/v2\/users\/1"}],"replies":[{"embeddable":true,"href":"https:\/\/boviumstudio.com\/index.php\/wp-json\/wp\/v2\/comments?post=286"}],"version-history":[{"count":2,"href":"https:\/\/boviumstudio.com\/index.php\/wp-json\/wp\/v2\/pages\/286\/revisions"}],"predecessor-version":[{"id":289,"href":"https:\/\/boviumstudio.com\/index.php\/wp-json\/wp\/v2\/pages\/286\/revisions\/289"}],"wp:attachment":[{"href":"https:\/\/boviumstudio.com\/index.php\/wp-json\/wp\/v2\/media?parent=286"}],"curies":[{"name":"wp","href":"https:\/\/api.w.org\/{rel}","templated":true}]}}