{"id":300,"date":"2024-01-21T23:59:23","date_gmt":"2024-01-21T18:59:23","guid":{"rendered":"https:\/\/boviumstudio.com\/?page_id=300"},"modified":"2025-02-16T21:17:07","modified_gmt":"2025-02-16T16:17:07","slug":"accueil","status":"publish","type":"page","link":"https:\/\/boviumstudio.com\/index.php\/fr\/accueil\/","title":{"rendered":"Accueil"},"content":{"rendered":"\n<div class=\"wp-block-cover alignfull is-light\" style=\"padding-top:2%;min-height:308px;aspect-ratio:unset;\"><span aria-hidden=\"true\" class=\"wp-block-cover__background has-white-background-color has-background-dim-0 has-background-dim\"><\/span><img loading=\"lazy\" decoding=\"async\" width=\"2077\" height=\"407\" class=\"wp-block-cover__image-background wp-image-177\" alt=\"\" src=\"https:\/\/boviumstudio.com\/wp-content\/uploads\/2024\/01\/Fond_01.png\" style=\"object-position:28% 58%\" data-object-fit=\"cover\" data-object-position=\"28% 58%\" srcset=\"https:\/\/boviumstudio.com\/wp-content\/uploads\/2024\/01\/Fond_01.png 2077w, https:\/\/boviumstudio.com\/wp-content\/uploads\/2024\/01\/Fond_01-300x59.png 300w, https:\/\/boviumstudio.com\/wp-content\/uploads\/2024\/01\/Fond_01-1024x201.png 1024w, https:\/\/boviumstudio.com\/wp-content\/uploads\/2024\/01\/Fond_01-768x150.png 768w, https:\/\/boviumstudio.com\/wp-content\/uploads\/2024\/01\/Fond_01-1536x301.png 1536w, https:\/\/boviumstudio.com\/wp-content\/uploads\/2024\/01\/Fond_01-2048x401.png 2048w\" sizes=\"auto, (max-width: 2077px) 100vw, 2077px\" \/><div class=\"wp-block-cover__inner-container has-global-padding is-layout-constrained wp-container-core-cover-is-layout-ee51f2d2 wp-block-cover-is-layout-constrained\">\n<div class=\"wp-block-group alignwide is-horizontal is-content-justification-center is-layout-flex wp-container-core-group-is-layout-4604c512 wp-block-group-is-layout-flex\" style=\"min-height:35rem\">\n<div class=\"wp-block-group has-global-padding is-layout-constrained wp-container-core-group-is-layout-bea02a06 wp-block-group-is-layout-constrained\">\n<div style=\"height:186px\" aria-hidden=\"true\" class=\"wp-block-spacer\"><\/div>\n\n\n\n<figure class=\"wp-block-image size-large\"><img loading=\"lazy\" decoding=\"async\" width=\"1024\" height=\"125\" src=\"http:\/\/boviumstudio.com\/wp-content\/uploads\/2024\/01\/logo_blanc-1-1024x125.png\" alt=\"Bovium studio\" class=\"wp-image-208\" srcset=\"https:\/\/boviumstudio.com\/wp-content\/uploads\/2024\/01\/logo_blanc-1-1024x125.png 1024w, https:\/\/boviumstudio.com\/wp-content\/uploads\/2024\/01\/logo_blanc-1-300x37.png 300w, https:\/\/boviumstudio.com\/wp-content\/uploads\/2024\/01\/logo_blanc-1-768x94.png 768w, https:\/\/boviumstudio.com\/wp-content\/uploads\/2024\/01\/logo_blanc-1.png 1062w\" sizes=\"auto, (max-width: 1024px) 100vw, 1024px\" \/><\/figure>\n\n\n\n<h2 class=\"wp-block-heading has-text-align-center has-text-color\" style=\"color:#ffffff;margin-top:0rem;margin-bottom:1.01rem;font-size:clamp(0.875rem, 0.875rem + ((1vw - 0.2rem) * 0.591), 1.2rem);font-style:normal;font-weight:400;line-height:1.1;text-transform:capitalize\">Un petit studio de jeux d\u00e9di\u00e9 \u00e0 la cr\u00e9ation de jeux de mots innovants<\/h2>\n\n\n\n<div class=\"wp-block-group is-vertical is-content-justification-stretch is-layout-flex wp-container-core-group-is-layout-be82aac6 wp-block-group-is-layout-flex\" style=\"margin-top:0rem;padding-right:0px;padding-left:0px\">\n<div class=\"wp-block-group has-global-padding is-content-justification-center is-layout-constrained wp-container-core-group-is-layout-0638dde4 wp-block-group-is-layout-constrained\" style=\"margin-top:0px\"><\/div>\n<\/div>\n<\/div>\n<\/div>\n<\/div><\/div>\n\n\n\n<div class=\"wp-block-group alignfull has-global-padding is-layout-constrained wp-container-core-group-is-layout-1257c590 wp-block-group-is-layout-constrained\" style=\"margin-top:0;margin-bottom:0;padding-top:5.51rem;padding-right:1rem;padding-bottom:3rem;padding-left:1rem\">\n<div class=\"wp-block-group alignwide has-global-padding is-layout-constrained wp-block-group-is-layout-constrained\" style=\"padding-bottom:1rem\">\n<h2 class=\"wp-block-heading has-text-align-center has-text-color\" style=\"color:#07277c;margin-top:0px;font-size:clamp(1.556rem, 1.556rem + ((1vw - 0.2rem) * 1.916), 2.61rem);font-style:normal;font-weight:600;line-height:1.5;text-transform:capitalize\">Nos jeux<\/h2>\n<\/div>\n\n\n\n<div class=\"wp-block-group alignwide has-global-padding is-layout-constrained wp-container-core-group-is-layout-1cf432e6 wp-block-group-is-layout-constrained\" style=\"margin-top:1.01rem\">\n<div class=\"wp-block-columns alignwide is-layout-flex wp-container-core-columns-is-layout-85231905 wp-block-columns-is-layout-flex\">\n<div class=\"wp-block-column has-global-padding is-content-justification-center is-layout-constrained wp-container-core-column-is-layout-412b4476 wp-block-column-is-layout-constrained\" style=\"padding-bottom:2rem\">\n<div class=\"wp-block-group has-global-padding is-layout-constrained wp-container-core-group-is-layout-668d2085 wp-block-group-is-layout-constrained\">\n<figure class=\"wp-block-image aligncenter size-full has-custom-border\"><img loading=\"lazy\" decoding=\"async\" width=\"600\" height=\"450\" src=\"http:\/\/boviumstudio.com\/wp-content\/uploads\/2025\/02\/QUA_Grille_EN_600_450.png\" alt=\"\" class=\"wp-image-416\" style=\"border-radius:30px\" srcset=\"https:\/\/boviumstudio.com\/wp-content\/uploads\/2025\/02\/QUA_Grille_EN_600_450.png 600w, https:\/\/boviumstudio.com\/wp-content\/uploads\/2025\/02\/QUA_Grille_EN_600_450-300x225.png 300w\" sizes=\"auto, (max-width: 600px) 100vw, 600px\" \/><\/figure>\n\n\n\n<h5 class=\"wp-block-heading has-text-align-center has-text-color\" style=\"color:#07277c;font-size:clamp(1.044rem, 1.044rem + ((1vw - 0.2rem) * 1.029), 1.61rem);font-style:normal;font-weight:600;line-height:1.4;text-transform:capitalize\">Quadratus VII<\/h5>\n<\/div>\n\n\n\n<div class=\"wp-block-group has-global-padding is-layout-constrained wp-container-core-group-is-layout-4f9f0532 wp-block-group-is-layout-constrained\">\n<p class=\"has-text-align-center has-text-color\" style=\"color:#252525;margin-top:0rem;font-size:clamp(0.875rem, 0.875rem + ((1vw - 0.2rem) * 0.064), 0.91rem);font-style:normal;font-weight:400;line-height:1.5\">Faites tomber les lettres et positionnez-les strat\u00e9giquement pour former les mots les plus impressionnants.<\/p>\n<\/div>\n\n\n\n<div class=\"wp-block-buttons is-content-justification-center is-layout-flex wp-container-core-buttons-is-layout-a89b3969 wp-block-buttons-is-layout-flex\">\n<div class=\"wp-block-button has-custom-font-size is-style-outline has-medium-font-size is-style-outline--1\"><a class=\"wp-block-button__link wp-element-button\" href=\"https:\/\/boviumstudio.com\/index.php\/fr\/quadratus-2\/\" style=\"border-radius:20px\">D\u00e9tails<\/a><\/div>\n<\/div>\n<\/div>\n\n\n\n<div class=\"wp-block-column has-global-padding is-content-justification-center is-layout-constrained wp-container-core-column-is-layout-412b4476 wp-block-column-is-layout-constrained\" style=\"padding-bottom:2rem\">\n<div class=\"wp-block-group has-global-padding is-layout-constrained wp-container-core-group-is-layout-668d2085 wp-block-group-is-layout-constrained\">\n<figure class=\"wp-block-image aligncenter size-full has-custom-border\"><img loading=\"lazy\" decoding=\"async\" width=\"600\" height=\"450\" src=\"http:\/\/boviumstudio.com\/wp-content\/uploads\/2025\/02\/LIT_Verrouilee_FR_600X450.png\" alt=\"\" class=\"wp-image-421\" style=\"border-radius:30px\" srcset=\"https:\/\/boviumstudio.com\/wp-content\/uploads\/2025\/02\/LIT_Verrouilee_FR_600X450.png 600w, https:\/\/boviumstudio.com\/wp-content\/uploads\/2025\/02\/LIT_Verrouilee_FR_600X450-300x225.png 300w\" sizes=\"auto, (max-width: 600px) 100vw, 600px\" \/><\/figure>\n\n\n\n<h5 class=\"wp-block-heading has-text-align-center has-text-color\" style=\"color:#07277c;font-size:clamp(1.044rem, 1.044rem + ((1vw - 0.2rem) * 1.029), 1.61rem);font-style:normal;font-weight:600;line-height:1.4;text-transform:capitalize\">Littera Suite<\/h5>\n<\/div>\n\n\n\n<div class=\"wp-block-group has-global-padding is-layout-constrained wp-container-core-group-is-layout-4f9f0532 wp-block-group-is-layout-constrained\">\n<p class=\"has-text-align-center has-text-color\" style=\"color:#252525;margin-top:0rem;font-size:clamp(0.875rem, 0.875rem + ((1vw - 0.2rem) * 0.064), 0.91rem);font-style:normal;font-weight:400;line-height:1.5\">Grimpez au sommet avec des jeux de mots qui mettent votre cerveau au d\u00e9fi et ravissent votre esprit&nbsp;!<\/p>\n<\/div>\n\n\n\n<div class=\"wp-block-buttons is-content-justification-center is-layout-flex wp-container-core-buttons-is-layout-a89b3969 wp-block-buttons-is-layout-flex\">\n<div class=\"wp-block-button has-custom-font-size is-style-outline has-medium-font-size is-style-outline--2\"><a class=\"wp-block-button__link wp-element-button\" href=\"https:\/\/boviumstudio.com\/index.php\/fr\/littera-2\/\" style=\"border-radius:20px\">D\u00e9tails<\/a><\/div>\n<\/div>\n<\/div>\n<\/div>\n<\/div>\n<\/div>\n","protected":false},"excerpt":{"rendered":"<p>Nos jeux Quadratus VII Faites tomber les lettres et positionnez-les strat\u00e9giquement pour former les mots les plus impressionnants. Littera Suite Grimpez au sommet avec des jeux de mots qui mettent votre cerveau au d\u00e9fi et ravissent votre esprit&nbsp;!<\/p>\n","protected":false},"author":1,"featured_media":0,"parent":0,"menu_order":0,"comment_status":"closed","ping_status":"closed","template":"","meta":{"footnotes":""},"class_list":["post-300","page","type-page","status-publish","hentry"],"_links":{"self":[{"href":"https:\/\/boviumstudio.com\/index.php\/wp-json\/wp\/v2\/pages\/300","targetHints":{"allow":["GET"]}}],"collection":[{"href":"https:\/\/boviumstudio.com\/index.php\/wp-json\/wp\/v2\/pages"}],"about":[{"href":"https:\/\/boviumstudio.com\/index.php\/wp-json\/wp\/v2\/types\/page"}],"author":[{"embeddable":true,"href":"https:\/\/boviumstudio.com\/index.php\/wp-json\/wp\/v2\/users\/1"}],"replies":[{"embeddable":true,"href":"https:\/\/boviumstudio.com\/index.php\/wp-json\/wp\/v2\/comments?post=300"}],"version-history":[{"count":19,"href":"https:\/\/boviumstudio.com\/index.php\/wp-json\/wp\/v2\/pages\/300\/revisions"}],"predecessor-version":[{"id":570,"href":"https:\/\/boviumstudio.com\/index.php\/wp-json\/wp\/v2\/pages\/300\/revisions\/570"}],"wp:attachment":[{"href":"https:\/\/boviumstudio.com\/index.php\/wp-json\/wp\/v2\/media?parent=300"}],"curies":[{"name":"wp","href":"https:\/\/api.w.org\/{rel}","templated":true}]}}