{"id":533,"date":"2025-02-12T21:10:03","date_gmt":"2025-02-12T16:10:03","guid":{"rendered":"https:\/\/boviumstudio.com\/?page_id=533"},"modified":"2025-02-16T21:26:22","modified_gmt":"2025-02-16T16:26:22","slug":"quadratus-2","status":"publish","type":"page","link":"https:\/\/boviumstudio.com\/index.php\/fr\/quadratus-2\/","title":{"rendered":"Quadratus"},"content":{"rendered":"\n<div class=\"wp-block-cover alignfull\" style=\"padding-top:2%;min-height:135px;aspect-ratio:unset;\"><span aria-hidden=\"true\" class=\"wp-block-cover__background has-background-dim\" style=\"background-color:#14303d\"><\/span><img loading=\"lazy\" decoding=\"async\" width=\"2322\" height=\"1192\" class=\"wp-block-cover__image-background wp-image-444\" alt=\"\" src=\"http:\/\/boviumstudio.com\/wp-content\/uploads\/2025\/02\/QUA_Background_12.png\" data-object-fit=\"cover\" srcset=\"https:\/\/boviumstudio.com\/wp-content\/uploads\/2025\/02\/QUA_Background_12.png 2322w, https:\/\/boviumstudio.com\/wp-content\/uploads\/2025\/02\/QUA_Background_12-300x154.png 300w, https:\/\/boviumstudio.com\/wp-content\/uploads\/2025\/02\/QUA_Background_12-1024x526.png 1024w, https:\/\/boviumstudio.com\/wp-content\/uploads\/2025\/02\/QUA_Background_12-768x394.png 768w, https:\/\/boviumstudio.com\/wp-content\/uploads\/2025\/02\/QUA_Background_12-1536x789.png 1536w, https:\/\/boviumstudio.com\/wp-content\/uploads\/2025\/02\/QUA_Background_12-2048x1051.png 2048w\" sizes=\"auto, (max-width: 2322px) 100vw, 2322px\" \/><div class=\"wp-block-cover__inner-container has-global-padding is-layout-constrained wp-container-core-cover-is-layout-ee51f2d2 wp-block-cover-is-layout-constrained\">\n<div class=\"wp-block-group alignwide is-vertical is-content-justification-left is-layout-flex wp-container-core-group-is-layout-994fc1a2 wp-block-group-is-layout-flex\" style=\"min-height:8rem\"><\/div>\n<\/div><\/div>\n\n\n\n<section class=\"wp-block-group alignfull has-text-color has-global-padding is-layout-constrained wp-container-core-group-is-layout-4252d6ba wp-block-group-is-layout-constrained\" style=\"color:#03081e;margin-top:0px;padding-top:6.51rem;padding-right:1rem;padding-bottom:5.5rem;padding-left:1rem;font-size:clamp(0.875rem, 0.875rem + ((1vw - 0.2rem) * 0.464), 1.13rem);font-style:normal;font-weight:400;line-height:1.4\">\n<h3 class=\"wp-block-heading has-text-color\" style=\"color:#07277c;margin-top:0.5rem;margin-bottom:1.01rem;font-size:clamp(1.502rem, 1.502rem + ((1vw - 0.2rem) * 1.815), 2.5rem);font-style:normal;font-weight:500;letter-spacing:0px;line-height:1.3;text-transform:capitalize\">Quadratus VII<\/h3>\n\n\n\n<p class=\"has-text-color\" style=\"color:#03081e;margin-top:0rem;font-size:clamp(0.875rem, 0.875rem + ((1vw - 0.2rem) * 0.245), 1.01rem);font-style:normal;font-weight:400;line-height:1.6\">Plongez dans l&#8217;univers captivant de Quadratus VII, un jeu de mots o\u00f9 l&#8217;objectif est de remplir la grille avec les lettres qui tombent pour obtenir un score \u00e9poustouflant. Faites tomber les lettres et positionnez-les strat\u00e9giquement pour former les mots les plus impressionnants. Plus vos mots sont longs, plus vous r\u00e9coltez de points. Mais attention aux tuiles bloqu\u00e9es, elles pourraient bien compromettre vos ambitions de mots grandioses. Heureusement, vous disposez de tuiles d&#8217;\u00e9change et de tuiles vides pour vous aider \u00e0 concocter des mots d&#8217;une rare brillance. Gardez l&#8217;\u0153il vif, car une grille pleine signifie la fin de la partie.<\/p>\n\n\n\n<p class=\"has-text-color\" style=\"color:#03081e;margin-top:0rem;font-size:clamp(0.875rem, 0.875rem + ((1vw - 0.2rem) * 0.245), 1.01rem);font-style:normal;font-weight:400;line-height:1.6\">Plongez d\u00e8s maintenant dans l&#8217;univers addictif de Quadratus VII et montrez votre talent pour les mots !<\/p>\n\n\n\n<div style=\"height:55px\" aria-hidden=\"true\" class=\"wp-block-spacer\"><\/div>\n\n\n\n<figure class=\"wp-block-image aligncenter size-large is-resized has-custom-border\"><img loading=\"lazy\" decoding=\"async\" width=\"1024\" height=\"768\" src=\"http:\/\/boviumstudio.com\/wp-content\/uploads\/2025\/02\/MotEntree_FR_2752X2064-1024x768.png\" alt=\"\" class=\"wp-image-439\" style=\"border-radius:10px;width:721px\" srcset=\"https:\/\/boviumstudio.com\/wp-content\/uploads\/2025\/02\/MotEntree_FR_2752X2064-1024x768.png 1024w, https:\/\/boviumstudio.com\/wp-content\/uploads\/2025\/02\/MotEntree_FR_2752X2064-300x225.png 300w, https:\/\/boviumstudio.com\/wp-content\/uploads\/2025\/02\/MotEntree_FR_2752X2064-768x576.png 768w, https:\/\/boviumstudio.com\/wp-content\/uploads\/2025\/02\/MotEntree_FR_2752X2064-1536x1152.png 1536w, https:\/\/boviumstudio.com\/wp-content\/uploads\/2025\/02\/MotEntree_FR_2752X2064-2048x1536.png 2048w\" sizes=\"auto, (max-width: 1024px) 100vw, 1024px\" \/><\/figure>\n\n\n\n<div style=\"height:55px\" aria-hidden=\"true\" class=\"wp-block-spacer\"><\/div>\n\n\n\n<h2 class=\"wp-block-heading has-text-align-center has-text-color\" style=\"color:#07277c;margin-top:2rem;margin-bottom:0rem;margin-left:0rem;padding-top:15px;padding-bottom:0px;padding-left:45px;font-size:clamp(1.502rem, 1.502rem + ((1vw - 0.2rem) * 1.815), 2.5rem);font-style:normal;font-weight:500;letter-spacing:0px;line-height:1.3;text-transform:capitalize\">principales caract\u00e9ristiques<\/h2>\n\n\n\n<ul style=\"padding-right:120px;padding-left:120px\" class=\"wp-block-list\">\n<li style=\"line-height:1.8\">La possibilit\u00e9 de jouer en anglais ou en fran\u00e7ais.<\/li>\n\n\n\n<li style=\"line-height:2\">Un syst\u00e8me de points bas\u00e9 sur la valeur des lettres et la longueur des mots, garantissant une comp\u00e9tition stimulante.<\/li>\n\n\n\n<li style=\"line-height:2\">Un classement des meilleurs pointages accompagn\u00e9 de statistiques d\u00e9taill\u00e9es pour suivre votre progression.<\/li>\n\n\n\n<li style=\"line-height:2\">Aucune publicit\u00e9 ni achats int\u00e9gr\u00e9s.<\/li>\n\n\n\n<li style=\"line-height:2\">Aucune connexion Internet requise.<\/li>\n<\/ul>\n\n\n\n<figure class=\"wp-block-image aligncenter size-full is-resized\"><a href=\"https:\/\/apps.apple.com\/us\/app\/quadratus-vii\/id6738664347\"><img loading=\"lazy\" decoding=\"async\" width=\"500\" height=\"157\" src=\"http:\/\/boviumstudio.com\/wp-content\/uploads\/2025\/02\/Download_on_the_App_Store_Badge_FR_RGB_blk_500X157.png\" alt=\"\" class=\"wp-image-435\" style=\"width:202px;height:auto\" srcset=\"https:\/\/boviumstudio.com\/wp-content\/uploads\/2025\/02\/Download_on_the_App_Store_Badge_FR_RGB_blk_500X157.png 500w, https:\/\/boviumstudio.com\/wp-content\/uploads\/2025\/02\/Download_on_the_App_Store_Badge_FR_RGB_blk_500X157-300x94.png 300w\" sizes=\"auto, (max-width: 500px) 100vw, 500px\" \/><\/a><\/figure>\n<\/section>\n","protected":false},"excerpt":{"rendered":"<p>Quadratus VII Plongez dans l&#8217;univers captivant de Quadratus VII, un jeu de mots o\u00f9 l&#8217;objectif est de remplir la grille avec les lettres qui tombent pour obtenir un score \u00e9poustouflant. Faites tomber les lettres et positionnez-les strat\u00e9giquement pour former les mots les plus impressionnants. Plus vos mots sont longs, plus vous r\u00e9coltez de points. Mais [&hellip;]<\/p>\n","protected":false},"author":1,"featured_media":0,"parent":0,"menu_order":0,"comment_status":"closed","ping_status":"closed","template":"wp-custom-template-nouvelle-page-fr","meta":{"footnotes":""},"class_list":["post-533","page","type-page","status-publish","hentry"],"_links":{"self":[{"href":"https:\/\/boviumstudio.com\/index.php\/wp-json\/wp\/v2\/pages\/533","targetHints":{"allow":["GET"]}}],"collection":[{"href":"https:\/\/boviumstudio.com\/index.php\/wp-json\/wp\/v2\/pages"}],"about":[{"href":"https:\/\/boviumstudio.com\/index.php\/wp-json\/wp\/v2\/types\/page"}],"author":[{"embeddable":true,"href":"https:\/\/boviumstudio.com\/index.php\/wp-json\/wp\/v2\/users\/1"}],"replies":[{"embeddable":true,"href":"https:\/\/boviumstudio.com\/index.php\/wp-json\/wp\/v2\/comments?post=533"}],"version-history":[{"count":20,"href":"https:\/\/boviumstudio.com\/index.php\/wp-json\/wp\/v2\/pages\/533\/revisions"}],"predecessor-version":[{"id":577,"href":"https:\/\/boviumstudio.com\/index.php\/wp-json\/wp\/v2\/pages\/533\/revisions\/577"}],"wp:attachment":[{"href":"https:\/\/boviumstudio.com\/index.php\/wp-json\/wp\/v2\/media?parent=533"}],"curies":[{"name":"wp","href":"https:\/\/api.w.org\/{rel}","templated":true}]}}